{"id":4406,"date":"2022-06-04T01:28:14","date_gmt":"2022-06-04T01:28:14","guid":{"rendered":"https:\/\/bulterwp.surielementor.com\/?page_id=3"},"modified":"2023-04-24T07:00:48","modified_gmt":"2023-04-24T07:00:48","slug":"politika-privatnosti-kolacici","status":"publish","type":"page","link":"https:\/\/vizor.hr\/hr\/politika-privatnosti-kolacici\/","title":{"rendered":"Politika privatnosti &#038; kola\u010di\u0107i"},"content":{"rendered":"\n<h3 class=\"wp-block-heading\">Politika kola\u010di\u0107a (cookies)<\/h3>\n\n\n\n<p>Kako bi internetska stranica radila ispravno te kako bi ju se moglo unaprje\u0111ivati u svrhu pobolj\u0161anja Va\u0161eg iskustva pregledavanja, potrebno je minimalnu koli\u010dinu informacija (cookies) spremiti na Va\u0161e ra\u010dunalo. Vi\u0161e od 90% internetskih stranica koristi praksu kola\u010di\u0107a te su po pravilima Europske unije obvezne zatra\u017eiti pristanak korisnika. Kori\u0161tenjem ove internetske stranice pristajete na uporabu kola\u010di\u0107a, \u010dijim blokiranjem i dalje mo\u017eete pregledavati stranicu, no neke njezine mogu\u0107nosti ne\u0107e biti funkcionalne.<\/p>\n\n\n\n<h3 class=\"wp-block-heading\">\u0160to je kola\u010di\u0107?<\/h3>\n\n\n\n<p>Kola\u010di\u0107 je informacija spremljena na osobno ra\u010dunalo u trenutku pregledavanja internetske stranice koju ste posjetili. Kola\u010di\u0107i omogu\u0107uju jednostavnije kori\u0161tenje budu\u0107i da spremaju Va\u0161e postavke za internetsku stranicu (jezik ili adresa) te ih pri ponovnom pokretanju iste iznova aktiviraju. Na taj na\u010din informacije su prilago\u0111ene Va\u0161im potrebama i uobi\u010dajenim na\u010dinima kori\u0161tenja. Od jednostavnih informacija o postavkama, kola\u010di\u0107i mogu spremiti i velik broj osobnih informacija (ime, e-mail adresa) za koje Vi u potpunosti morate dati pristup. Ukoliko im Vi to niste omogu\u0107ili, utoliko kola\u010di\u0107i ne mogu pristupiti datotekama na Va\u0161em ra\u010dunalu. Aktivnosti spremanja i slanja kola\u010di\u0107a Vama nisu vidljive, me\u0111utim mo\u017eete u postavkama izabranog internetskog preglednika odabrati mogu\u0107nost odobravanja\/odbijanja zahtjeva za spremanje kola\u010di\u0107a, brisanje spremljenih kola\u010di\u0107a i druge aktivnosti vezane uz kori\u0161tenje kola\u010di\u0107a.<\/p>\n\n\n\n<h3 class=\"wp-block-heading\">Kako onemogu\u0107iti kola\u010di\u0107e?<\/h3>\n\n\n\n<p>Isklju\u010divanjem kola\u010di\u0107a ne dopu\u0161tate pohranjivanje istih na vlastitom ra\u010dunalu. Postavke kola\u010di\u0107a mogu se konfigurirati i mijenjati u izabranom internetskom pregledniku. Kako biste vidjeli postavke, odaberite preglednik koji koristite (Chrome, Firefox, Internet Explorer 9, Internet Explorer 7 i 8 te Operu ili Safari (stranice na engleskom jeziku)). Ukoliko onemogu\u0107ite kola\u010di\u0107e, utoliko ne\u0107ete biti u mogu\u0107nosti koristiti odre\u0111ene funkcionalnosti internetskih stranica.<\/p>\n\n\n\n<h3 class=\"wp-block-heading\">Kakve kola\u010di\u0107e koristi ova web stranica?<\/h3>\n\n\n\n<p>Privremene kola\u010di\u0107e (Session cookies) \u2013 rije\u010d je o kola\u010di\u0107ima koji \u0107e se automatski izbrisati prilikom zatvaranja internetskog preglednika u kojem radite. Stalne kola\u010di\u0107e (Persistent cookies) \u2013 rije\u010d je o kola\u010di\u0107ima koji \u0107e ostati \u201dzabilje\u017eeni\u201d u va\u0161em internetskom pregledniku dok ne isteknu ili ih sami ru\u010dno ne izbri\u0161ete. Prikupljene informacije su anonimne, a ne uklju\u010duju va\u0161e privatne podatke.<\/p>\n\n\n\n<h3 class=\"wp-block-heading\">\u0160to su privremeni kola\u010di\u0107i?<\/h3>\n\n\n\n<p>Privremeni kola\u010di\u0107i, ili kola\u010di\u0107i sesije, uklanjanju se s va\u0161eg osobnog ra\u010dunala u trenutku zatvaranja internetskog preglednika u kojem ste pregledavali internetsku stranicu. Uz pomo\u0107 ovih kola\u010di\u0107a, stranice pohranjuju privremene podatke.<\/p>\n\n\n\n<h3 class=\"wp-block-heading\">\u0160to su stalni kola\u010di\u0107i?<\/h3>\n\n\n\n<p>Stalni, ili spremljeni, kola\u010di\u0107i ostaju na Va\u0161em osobnom ra\u010dunalu i nakon zatvaranja internetskog preglednika. Uz pomo\u0107 ovih kola\u010di\u0107a internetske stranice pohranjuju podatke kako bi Vam se olak\u0161alo kori\u0161tenje. Primjerice, internetske stranice koje zahtijevaju unos korisni\u010dkog imena i lozinke \u201dzapamtit\u201d \u0107e va\u0161 unos koji \u0107e se pojavljivati pri svakom novom posjetu istim. Stalni kola\u010di\u0107i ostat \u0107e zabilje\u017eeni na ra\u010dunalu danima, mjesecima ili godinama.<\/p>\n\n\n\n<h3 class=\"wp-block-heading\">\u0160to su kola\u010di\u0107i od prve strane?<\/h3>\n\n\n\n<p>Kola\u010di\u0107i od prve strane dolaze s internetske stranice koju pregledavate, a mogu biti privremeni ili stalni. Na taj na\u010din, internetske stranice pohranjuju podatke koji \u0107e Vam olak\u0161ati kori\u0161tenje pri svakom novom posjetu toj internetskoj stranici.<\/p>\n\n\n\n<h3 class=\"wp-block-heading\">\u0160to su kola\u010di\u0107i tre\u0107e strane?<\/h3>\n\n\n\n<p>Kola\u010di\u0107i tre\u0107e strane na Va\u0161e ra\u010dunalo dolaze s drugih web mjesta koje se nalaze na internetskoj stranici koju pregledavate. Rije\u010d je o primjerice pop-up oglasima, a kola\u010di\u0107i tu imaju ulogu pra\u0107enja internetskih stranica u ogla\u0161iva\u010dke svrhe.<\/p>\n\n\n\n<h3 class=\"wp-block-heading\">Koristi li ova web stranica kola\u010di\u0107e?<\/h3>\n\n\n\n<p>Da, ova internetska stranica koristi kola\u010di\u0107e kako bi Vam osigurala jednostavnije i bolje korisni\u010dko iskustvo.<\/p>\n\n\n\n<h3 class=\"wp-block-heading\">Ima li na web stranici kola\u010di\u0107a tre\u0107e strane?<\/h3>\n\n\n\n<p>Postoji nekoliko vanjskih servisa koji Vam spremaju ograni\u010dene kola\u010di\u0107e, a isti nije postavila ova internetska stranica. Limitirani kola\u010di\u0107i slu\u017ee za nesmetano kori\u0161tenje mogu\u0107nosti koje korisnicima osiguravaju jednostavan pristup sadr\u017eaju. Ova stranica omogu\u0107uje: Mjerenje posje\u0107enosti Stranica koristi Google Analytics \u2013 servis za mjerenje posje\u0107enosti. Ukoliko \u017eelite onemogu\u0107iti spremanje kola\u010di\u0107a od strane ovog servisa, zabranite ih na slijede\u0107em linku: https:\/\/tools.google.com\/dlpage\/gaoptout Dodatne informacija oko isklju\u010divanja kola\u010di\u0107a Postoji nekoliko internetskih stranica za isklju\u010divanje pohranjivanja kola\u010di\u0107a za razli\u010dite servise. Vi\u0161e informacija pro\u010ditajte na sljede\u0107im linkovima: http:\/\/www.allaboutcookies.org\/ http:\/\/www.youronlinechoices.eu\/<\/p>\n\n\n\n<h3 class=\"wp-block-heading\">Politika privatnosti<\/h3>\n\n\n\n<p>Sadr\u017eaj ovih internet stranica je isklju\u010divo informativne prirode te se informacije ne smatraju obvezuju\u0107ima.<\/p>\n\n\n\n<p>Vizor.hr ne preuzima odgovornost za cijene, to\u010dnost i potpunost informacija, kao ni eventualnu \u0161tetu nastalu kao posljedica e-mail komunikacije ili kori\u0161tenjem ovih stranica.<\/p>\n\n\n\n<p>Posjetitelji koriste ovu stranicu na vlastitu odgovornost. Ova stranica je za\u0161ti\u0107ena autorskim pravima te je zabranjena izmjena, kopiranje ili distribucija bez pismene suglasnosti.<\/p>\n\n\n\n<p>Osobne podatke na na\u0161oj Internet stranici prikupljamo u obliku kontakt forme. Osobni podaci koji se prikupljaju su ime i prezime, ime tvrtke i e \u2013 mail te iste koristimo kako bi odgovorili na Va\u0161 upit. Nakon odgovora Vama, podaci se bri\u0161u. Internet stranica sadr\u017ei linkove koji vode na stranice drugih pravnih ili privatnih osoba koje imaju razli\u010dita pravila privatnosti, stoga nismo odgovorni za informacije koje se prikupljaju na njihovim stranicama i pravila privatnosti, njihovu zakonitost i to\u010dnost. Imate pravo zahtijevati informacije o Va\u0161im osobnim podacima koje smo primili te poslati zahtjev o tome koje va\u0161e podatke imamo te brisanje ili izmjenu svojih podataka na e po\u0161tu vizor@vizor.hr<\/p>\n\n\n\n<p>Ukoliko imate dodatnih pitanja molimo Vas da nas kontaktirate na vizor@vizor.hr<\/p>\n","protected":false},"excerpt":{"rendered":"<p>Politika kola\u010di\u0107a (cookies) Kako bi internetska stranica radila ispravno te kako bi ju se moglo unaprje\u0111ivati u svrhu pobolj\u0161anja Va\u0161eg iskustva pregledavanja, potrebno je minimalnu koli\u010dinu informacija [&hellip;]<\/p>\n","protected":false},"author":1,"featured_media":0,"parent":0,"menu_order":0,"comment_status":"closed","ping_status":"closed","template":"","meta":{"footnotes":""},"class_list":["post-4406","page","type-page","status-publish","hentry"],"_links":{"self":[{"href":"https:\/\/vizor.hr\/hr\/wp-json\/wp\/v2\/pages\/4406","targetHints":{"allow":["GET"]}}],"collection":[{"href":"https:\/\/vizor.hr\/hr\/wp-json\/wp\/v2\/pages"}],"about":[{"href":"https:\/\/vizor.hr\/hr\/wp-json\/wp\/v2\/types\/page"}],"author":[{"embeddable":true,"href":"https:\/\/vizor.hr\/hr\/wp-json\/wp\/v2\/users\/1"}],"replies":[{"embeddable":true,"href":"https:\/\/vizor.hr\/hr\/wp-json\/wp\/v2\/comments?post=4406"}],"version-history":[{"count":1,"href":"https:\/\/vizor.hr\/hr\/wp-json\/wp\/v2\/pages\/4406\/revisions"}],"predecessor-version":[{"id":6244,"href":"https:\/\/vizor.hr\/hr\/wp-json\/wp\/v2\/pages\/4406\/revisions\/6244"}],"wp:attachment":[{"href":"https:\/\/vizor.hr\/hr\/wp-json\/wp\/v2\/media?parent=4406"}],"curies":[{"name":"wp","href":"https:\/\/api.w.org\/{rel}","templated":true}]}}